{"id":3197,"date":"2025-02-06T14:40:25","date_gmt":"2025-02-06T14:40:25","guid":{"rendered":"https:\/\/icez.life\/product\/icez-oval-xl\/"},"modified":"2025-12-22T16:07:46","modified_gmt":"2025-12-22T16:07:46","slug":"icez-oval-xl","status":"publish","type":"product","link":"https:\/\/icez.life\/en\/product\/icez-oval-xl\/","title":{"rendered":"iceZ Oval XL"},"content":{"rendered":"<p>Inflatable bath<br \/>\nMade from durable, high-quality materials that maintain water temperature<br \/>\nSingle inflation that lasts over time<br \/>\nSuitable for both indoor and outdoor use<br \/>\nOptimal comfort for both permanent placement and portability<br \/>\nComes with a cover to protect the water and maintain temperature<br \/>\nSuitable for two-person immersion and for tall individuals<br \/>\n<a href=\"https:\/\/www.instagram.com\/p\/DLZsaRSs4Hx\/\" target=\"_blank\" rel=\"noopener\"><strong>Watch the iceZ OVAL XL video<\/strong><\/a><\/p>\n","protected":false},"excerpt":{"rendered":"<p>DWF + PVC<br \/>\nDimensions (Height \u00d7 Width \u00d7 Length): 196 \u00d7 70 \u00d7 60 cm<br \/>\nVolume: 427 liters<br \/>\nIncludes insulated cover, pump, high-quality carrying bag, and cleaning net<br \/>\nDimensions (after filling with water): 188 \u00d7 90 cm<\/p>\n","protected":false},"featured_media":2486,"template":"","meta":{"_uag_custom_page_level_css":"","site-sidebar-layout":"default","site-content-layout":"","ast-site-content-layout":"default","site-content-style":"default","site-sidebar-style":"default","ast-global-header-display":"","ast-banner-title-visibility":"","ast-main-header-display":"","ast-hfb-above-header-display":"","ast-hfb-below-header-display":"","ast-hfb-mobile-header-display":"","site-post-title":"","ast-breadcrumbs-content":"","ast-featured-img":"","footer-sml-layout":"","ast-disable-related-posts":"","theme-transparent-header-meta":"default","adv-header-id-meta":"","stick-header-meta":"","header-above-stick-meta":"","header-main-stick-meta":"","header-below-stick-meta":"","astra-migrate-meta-layouts":"default","ast-page-background-enabled":"default","ast-page-background-meta":{"desktop":{"background-color":"var(--ast-global-color-5)","background-image":"","background-repeat":"repeat","background-position":"center center","background-size":"auto","background-attachment":"scroll","background-type":"","background-media":"","overlay-type":"","overlay-color":"","overlay-opacity":"","overlay-gradient":""},"tablet":{"background-color":"","background-image":"","background-repeat":"repeat","background-position":"center center","background-size":"auto","background-attachment":"scroll","background-type":"","background-media":"","overlay-type":"","overlay-color":"","overlay-opacity":"","overlay-gradient":""},"mobile":{"background-color":"","background-image":"","background-repeat":"repeat","background-position":"center center","background-size":"auto","background-attachment":"scroll","background-type":"","background-media":"","overlay-type":"","overlay-color":"","overlay-opacity":"","overlay-gradient":""}},"ast-content-background-meta":{"desktop":{"background-color":"var(--ast-global-color-4)","background-image":"","background-repeat":"repeat","background-position":"center center","background-size":"auto","background-attachment":"scroll","background-type":"","background-media":"","overlay-type":"","overlay-color":"","overlay-opacity":"","overlay-gradient":""},"tablet":{"background-color":"var(--ast-global-color-4)","background-image":"","background-repeat":"repeat","background-position":"center center","background-size":"auto","background-attachment":"scroll","background-type":"","background-media":"","overlay-type":"","overlay-color":"","overlay-opacity":"","overlay-gradient":""},"mobile":{"background-color":"var(--ast-global-color-4)","background-image":"","background-repeat":"repeat","background-position":"center center","background-size":"auto","background-attachment":"scroll","background-type":"","background-media":"","overlay-type":"","overlay-color":"","overlay-opacity":"","overlay-gradient":""}}},"product_brand":[],"product_cat":[82],"product_tag":[],"class_list":{"0":"post-3197","1":"product","2":"type-product","3":"status-publish","4":"has-post-thumbnail","6":"product_cat-ice-bath-price-and-information-inflatable-ice-baths","7":"product_shipping_class-standard-shipping","8":"desktop-align-left","9":"tablet-align-left","10":"mobile-align-left","12":"first","13":"instock","14":"taxable","15":"shipping-taxable","16":"purchasable","17":"product-type-simple"},"yoast_head":"<!-- This site is optimized with the Yoast SEO plugin v27.4 - https:\/\/yoast.com\/product\/yoast-seo-wordpress\/ -->\n<title>iceZ Oval XL - ICEZ<\/title>\n<meta name=\"robots\" content=\"index, follow, max-snippet:-1, max-image-preview:large, max-video-preview:-1\" \/>\n<link rel=\"canonical\" href=\"https:\/\/icez.life\/en\/product\/icez-oval-xl\/\" \/>\n<meta property=\"og:locale\" content=\"en_US\" \/>\n<meta property=\"og:type\" content=\"article\" \/>\n<meta property=\"og:title\" content=\"iceZ Oval XL - ICEZ\" \/>\n<meta property=\"og:description\" content=\"DWF + PVC Dimensions (Height \u00d7 Width \u00d7 Length): 196 \u00d7 70 \u00d7 60 cm Volume: 427 liters Includes insulated cover, pump, high-quality carrying bag, and cleaning net Dimensions (after filling with water): 188 \u00d7 90 cm\" \/>\n<meta property=\"og:url\" content=\"https:\/\/icez.life\/en\/product\/icez-oval-xl\/\" \/>\n<meta property=\"og:site_name\" content=\"ICEZ\" \/>\n<meta property=\"article:modified_time\" content=\"2025-12-22T16:07:46+00:00\" \/>\n<meta property=\"og:image\" content=\"https:\/\/icez.life\/wp-content\/uploads\/2025\/02\/DSC_0312-scaled.jpg\" \/>\n\t<meta property=\"og:image:width\" content=\"2560\" \/>\n\t<meta property=\"og:image:height\" content=\"1707\" \/>\n\t<meta property=\"og:image:type\" content=\"image\/jpeg\" \/>\n<meta name=\"twitter:card\" content=\"summary_large_image\" \/>\n<script type=\"application\/ld+json\" class=\"yoast-schema-graph\">{\"@context\":\"https:\\\/\\\/schema.org\",\"@graph\":[{\"@type\":\"WebPage\",\"@id\":\"https:\\\/\\\/icez.life\\\/en\\\/product\\\/icez-oval-xl\\\/\",\"url\":\"https:\\\/\\\/icez.life\\\/en\\\/product\\\/icez-oval-xl\\\/\",\"name\":\"iceZ Oval XL - ICEZ\",\"isPartOf\":{\"@id\":\"https:\\\/\\\/icez.life\\\/en\\\/#website\"},\"primaryImageOfPage\":{\"@id\":\"https:\\\/\\\/icez.life\\\/en\\\/product\\\/icez-oval-xl\\\/#primaryimage\"},\"image\":{\"@id\":\"https:\\\/\\\/icez.life\\\/en\\\/product\\\/icez-oval-xl\\\/#primaryimage\"},\"thumbnailUrl\":\"https:\\\/\\\/icez.life\\\/wp-content\\\/uploads\\\/2025\\\/02\\\/DSC_0312-scaled.jpg\",\"datePublished\":\"2025-02-06T14:40:25+00:00\",\"dateModified\":\"2025-12-22T16:07:46+00:00\",\"breadcrumb\":{\"@id\":\"https:\\\/\\\/icez.life\\\/en\\\/product\\\/icez-oval-xl\\\/#breadcrumb\"},\"inLanguage\":\"en-US\",\"potentialAction\":[{\"@type\":\"ReadAction\",\"target\":[\"https:\\\/\\\/icez.life\\\/en\\\/product\\\/icez-oval-xl\\\/\"]}]},{\"@type\":\"ImageObject\",\"inLanguage\":\"en-US\",\"@id\":\"https:\\\/\\\/icez.life\\\/en\\\/product\\\/icez-oval-xl\\\/#primaryimage\",\"url\":\"https:\\\/\\\/icez.life\\\/wp-content\\\/uploads\\\/2025\\\/02\\\/DSC_0312-scaled.jpg\",\"contentUrl\":\"https:\\\/\\\/icez.life\\\/wp-content\\\/uploads\\\/2025\\\/02\\\/DSC_0312-scaled.jpg\",\"width\":2560,\"height\":1707,\"caption\":\"Large ice bath\"},{\"@type\":\"BreadcrumbList\",\"@id\":\"https:\\\/\\\/icez.life\\\/en\\\/product\\\/icez-oval-xl\\\/#breadcrumb\",\"itemListElement\":[{\"@type\":\"ListItem\",\"position\":1,\"name\":\"\u05d3\u05e3 \u05d4\u05d1\u05d9\u05ea\",\"item\":\"https:\\\/\\\/icez.life\\\/en\\\/\"},{\"@type\":\"ListItem\",\"position\":2,\"name\":\"Shop\",\"item\":\"https:\\\/\\\/icez.life\\\/en\\\/shop\\\/\"},{\"@type\":\"ListItem\",\"position\":3,\"name\":\"iceZ Oval XL\"}]},{\"@type\":\"WebSite\",\"@id\":\"https:\\\/\\\/icez.life\\\/en\\\/#website\",\"url\":\"https:\\\/\\\/icez.life\\\/en\\\/\",\"name\":\"ICEZ\",\"description\":\"\u05d0\u05de\u05d1\u05d8\u05d9\u05d5\u05ea \u05e7\u05e8\u05d7\",\"publisher\":{\"@id\":\"https:\\\/\\\/icez.life\\\/en\\\/#organization\"},\"potentialAction\":[{\"@type\":\"SearchAction\",\"target\":{\"@type\":\"EntryPoint\",\"urlTemplate\":\"https:\\\/\\\/icez.life\\\/en\\\/?s={search_term_string}\"},\"query-input\":{\"@type\":\"PropertyValueSpecification\",\"valueRequired\":true,\"valueName\":\"search_term_string\"}}],\"inLanguage\":\"en-US\"},{\"@type\":\"Organization\",\"@id\":\"https:\\\/\\\/icez.life\\\/en\\\/#organization\",\"name\":\"ICEZ\",\"url\":\"https:\\\/\\\/icez.life\\\/en\\\/\",\"logo\":{\"@type\":\"ImageObject\",\"inLanguage\":\"en-US\",\"@id\":\"https:\\\/\\\/icez.life\\\/en\\\/#\\\/schema\\\/logo\\\/image\\\/\",\"url\":\"https:\\\/\\\/icez.life\\\/wp-content\\\/uploads\\\/2025\\\/01\\\/blue-icon-scaled.png\",\"contentUrl\":\"https:\\\/\\\/icez.life\\\/wp-content\\\/uploads\\\/2025\\\/01\\\/blue-icon-scaled.png\",\"width\":2560,\"height\":2560,\"caption\":\"ICEZ\"},\"image\":{\"@id\":\"https:\\\/\\\/icez.life\\\/en\\\/#\\\/schema\\\/logo\\\/image\\\/\"}}]}<\/script>\n<!-- \/ Yoast SEO plugin. -->","yoast_head_json":{"title":"iceZ Oval XL - ICEZ","robots":{"index":"index","follow":"follow","max-snippet":"max-snippet:-1","max-image-preview":"max-image-preview:large","max-video-preview":"max-video-preview:-1"},"canonical":"https:\/\/icez.life\/en\/product\/icez-oval-xl\/","og_locale":"en_US","og_type":"article","og_title":"iceZ Oval XL - ICEZ","og_description":"DWF + PVC Dimensions (Height \u00d7 Width \u00d7 Length): 196 \u00d7 70 \u00d7 60 cm Volume: 427 liters Includes insulated cover, pump, high-quality carrying bag, and cleaning net Dimensions (after filling with water): 188 \u00d7 90 cm","og_url":"https:\/\/icez.life\/en\/product\/icez-oval-xl\/","og_site_name":"ICEZ","article_modified_time":"2025-12-22T16:07:46+00:00","og_image":[{"width":2560,"height":1707,"url":"https:\/\/icez.life\/wp-content\/uploads\/2025\/02\/DSC_0312-scaled.jpg","type":"image\/jpeg"}],"twitter_card":"summary_large_image","schema":{"@context":"https:\/\/schema.org","@graph":[{"@type":"WebPage","@id":"https:\/\/icez.life\/en\/product\/icez-oval-xl\/","url":"https:\/\/icez.life\/en\/product\/icez-oval-xl\/","name":"iceZ Oval XL - ICEZ","isPartOf":{"@id":"https:\/\/icez.life\/en\/#website"},"primaryImageOfPage":{"@id":"https:\/\/icez.life\/en\/product\/icez-oval-xl\/#primaryimage"},"image":{"@id":"https:\/\/icez.life\/en\/product\/icez-oval-xl\/#primaryimage"},"thumbnailUrl":"https:\/\/icez.life\/wp-content\/uploads\/2025\/02\/DSC_0312-scaled.jpg","datePublished":"2025-02-06T14:40:25+00:00","dateModified":"2025-12-22T16:07:46+00:00","breadcrumb":{"@id":"https:\/\/icez.life\/en\/product\/icez-oval-xl\/#breadcrumb"},"inLanguage":"en-US","potentialAction":[{"@type":"ReadAction","target":["https:\/\/icez.life\/en\/product\/icez-oval-xl\/"]}]},{"@type":"ImageObject","inLanguage":"en-US","@id":"https:\/\/icez.life\/en\/product\/icez-oval-xl\/#primaryimage","url":"https:\/\/icez.life\/wp-content\/uploads\/2025\/02\/DSC_0312-scaled.jpg","contentUrl":"https:\/\/icez.life\/wp-content\/uploads\/2025\/02\/DSC_0312-scaled.jpg","width":2560,"height":1707,"caption":"Large ice bath"},{"@type":"BreadcrumbList","@id":"https:\/\/icez.life\/en\/product\/icez-oval-xl\/#breadcrumb","itemListElement":[{"@type":"ListItem","position":1,"name":"\u05d3\u05e3 \u05d4\u05d1\u05d9\u05ea","item":"https:\/\/icez.life\/en\/"},{"@type":"ListItem","position":2,"name":"Shop","item":"https:\/\/icez.life\/en\/shop\/"},{"@type":"ListItem","position":3,"name":"iceZ Oval XL"}]},{"@type":"WebSite","@id":"https:\/\/icez.life\/en\/#website","url":"https:\/\/icez.life\/en\/","name":"ICEZ","description":"\u05d0\u05de\u05d1\u05d8\u05d9\u05d5\u05ea \u05e7\u05e8\u05d7","publisher":{"@id":"https:\/\/icez.life\/en\/#organization"},"potentialAction":[{"@type":"SearchAction","target":{"@type":"EntryPoint","urlTemplate":"https:\/\/icez.life\/en\/?s={search_term_string}"},"query-input":{"@type":"PropertyValueSpecification","valueRequired":true,"valueName":"search_term_string"}}],"inLanguage":"en-US"},{"@type":"Organization","@id":"https:\/\/icez.life\/en\/#organization","name":"ICEZ","url":"https:\/\/icez.life\/en\/","logo":{"@type":"ImageObject","inLanguage":"en-US","@id":"https:\/\/icez.life\/en\/#\/schema\/logo\/image\/","url":"https:\/\/icez.life\/wp-content\/uploads\/2025\/01\/blue-icon-scaled.png","contentUrl":"https:\/\/icez.life\/wp-content\/uploads\/2025\/01\/blue-icon-scaled.png","width":2560,"height":2560,"caption":"ICEZ"},"image":{"@id":"https:\/\/icez.life\/en\/#\/schema\/logo\/image\/"}}]}},"uagb_featured_image_src":{"full":["https:\/\/icez.life\/wp-content\/uploads\/2025\/02\/DSC_0312-scaled.jpg",2560,1707,false],"thumbnail":["https:\/\/icez.life\/wp-content\/uploads\/2025\/02\/DSC_0312-150x150.jpg",150,150,true],"medium":["https:\/\/icez.life\/wp-content\/uploads\/2025\/02\/DSC_0312-300x200.jpg",300,200,true],"medium_large":["https:\/\/icez.life\/wp-content\/uploads\/2025\/02\/DSC_0312-768x512.jpg",768,512,true],"large":["https:\/\/icez.life\/wp-content\/uploads\/2025\/02\/DSC_0312-1024x683.jpg",1024,683,true],"1536x1536":["https:\/\/icez.life\/wp-content\/uploads\/2025\/02\/DSC_0312-1536x1024.jpg",1536,1024,true],"2048x2048":["https:\/\/icez.life\/wp-content\/uploads\/2025\/02\/DSC_0312-2048x1365.jpg",2048,1365,true],"woocommerce_thumbnail":["https:\/\/icez.life\/wp-content\/uploads\/2025\/02\/DSC_0312-300x300.jpg",300,300,true],"woocommerce_single":["https:\/\/icez.life\/wp-content\/uploads\/2025\/02\/DSC_0312-600x400.jpg",600,400,true],"woocommerce_gallery_thumbnail":["https:\/\/icez.life\/wp-content\/uploads\/2025\/02\/DSC_0312-100x100.jpg",100,100,true]},"uagb_author_info":{"display_name":"admin","author_link":"https:\/\/icez.life\/en\/author\/"},"uagb_comment_info":0,"uagb_excerpt":"DWF + PVC Dimensions (Height \u00d7 Width \u00d7 Length): 196 \u00d7 70 \u00d7 60 cm Volume: 427 liters Includes insulated cover, pump, high-quality carrying bag, and cleaning net Dimensions (after filling with water): 188 \u00d7 90 cm","_links":{"self":[{"href":"https:\/\/icez.life\/en\/wp-json\/wp\/v2\/product\/3197","targetHints":{"allow":["GET"]}}],"collection":[{"href":"https:\/\/icez.life\/en\/wp-json\/wp\/v2\/product"}],"about":[{"href":"https:\/\/icez.life\/en\/wp-json\/wp\/v2\/types\/product"}],"wp:featuredmedia":[{"embeddable":true,"href":"https:\/\/icez.life\/en\/wp-json\/wp\/v2\/media\/2486"}],"wp:attachment":[{"href":"https:\/\/icez.life\/en\/wp-json\/wp\/v2\/media?parent=3197"}],"wp:term":[{"taxonomy":"product_brand","embeddable":true,"href":"https:\/\/icez.life\/en\/wp-json\/wp\/v2\/product_brand?post=3197"},{"taxonomy":"product_cat","embeddable":true,"href":"https:\/\/icez.life\/en\/wp-json\/wp\/v2\/product_cat?post=3197"},{"taxonomy":"product_tag","embeddable":true,"href":"https:\/\/icez.life\/en\/wp-json\/wp\/v2\/product_tag?post=3197"}],"curies":[{"name":"wp","href":"https:\/\/api.w.org\/{rel}","templated":true}]}}